{"id":8,"date":"2026-04-10T20:41:08","date_gmt":"2026-04-10T20:41:08","guid":{"rendered":"https:\/\/home-webhosting.davidinos.uk\/?page_id=8"},"modified":"2026-04-10T20:54:03","modified_gmt":"2026-04-10T20:54:03","slug":"desd-websiten-hosting","status":"publish","type":"page","link":"https:\/\/home-webhosting.davidinos.uk\/","title":{"rendered":"DESD-Websiten Hosting"},"content":{"rendered":"\n<div class=\"wp-block-group alignfull has-global-padding is-layout-constrained wp-container-core-group-is-layout-0c9c989a wp-block-group-is-layout-constrained\" style=\"min-height:0vh;margin-top:0;margin-bottom:0;padding-top:var(--wp--preset--spacing--70);padding-right:var(--wp--preset--spacing--40);padding-bottom:var(--wp--preset--spacing--70);padding-left:var(--wp--preset--spacing--40)\">\n<div class=\"wp-block-group has-global-padding is-layout-constrained wp-container-core-group-is-layout-346627ba wp-block-group-is-layout-constrained\">\n<h2 class=\"wp-block-heading has-text-align-center has-xx-large-font-size\" style=\"margin-right:0;margin-left:0;padding-right:0;padding-left:0\"><strong>Dein Projekt. Deine Story. Unser Hosting.<\/strong><\/h2>\n\n\n\n<p class=\"has-text-align-center\">Verwandle deine Idee in eine beeindruckende Website. Mit unserem kostenlosen Hosting bieten wir dir die Performance und Freiheit, die du f\u00fcr deinen Start brauchst \u2013 ohne Kompromisse und ohne Kosten.<\/p>\n<\/div>\n<\/div>\n\n\n\n<div class=\"wp-block-group alignfull is-style-section-1 has-global-padding is-layout-constrained wp-block-group-is-layout-constrained is-style-section-1--1\" style=\"margin-top:0;margin-bottom:0;padding-top:var(--wp--preset--spacing--80);padding-bottom:var(--wp--preset--spacing--80)\">\n<div class=\"wp-block-columns alignwide is-layout-flex wp-container-core-columns-is-layout-66fad18a wp-block-columns-is-layout-flex\">\n<div class=\"wp-block-column is-layout-flow wp-block-column-is-layout-flow\" style=\"padding-right:var(--wp--preset--spacing--50);flex-basis:45%\">\n<figure class=\"wp-block-image size-full\"><img loading=\"lazy\" decoding=\"async\" width=\"1024\" height=\"1024\" src=\"https:\/\/home-webhosting.davidinos.uk\/wp-content\/uploads\/2026\/04\/DESD-LOGO_alt.png\" alt=\"\" class=\"wp-image-19\" srcset=\"https:\/\/home-webhosting.davidinos.uk\/wp-content\/uploads\/2026\/04\/DESD-LOGO_alt.png 1024w, https:\/\/home-webhosting.davidinos.uk\/wp-content\/uploads\/2026\/04\/DESD-LOGO_alt-300x300.png 300w, https:\/\/home-webhosting.davidinos.uk\/wp-content\/uploads\/2026\/04\/DESD-LOGO_alt-150x150.png 150w, https:\/\/home-webhosting.davidinos.uk\/wp-content\/uploads\/2026\/04\/DESD-LOGO_alt-768x768.png 768w\" sizes=\"auto, (max-width: 1024px) 100vw, 1024px\" \/><\/figure>\n\n\n\n<div class=\"wp-block-group has-global-padding is-layout-constrained wp-block-group-is-layout-constrained\" style=\"margin-top:-12vw\"><\/div>\n<\/div>\n\n\n\n<div class=\"wp-block-column is-vertically-aligned-center is-layout-flow wp-block-column-is-layout-flow\" style=\"padding-right:0;padding-left:0;flex-basis:50%\">\n<div class=\"wp-block-group is-vertical is-layout-flex wp-container-core-group-is-layout-fe9cc265 wp-block-group-is-layout-flex\">\n<h2 class=\"wp-block-heading is-style-text-annotation is-style-text-annotation--2\">\u00dcber uns<\/h2>\n<\/div>\n\n\n\n<p class=\"is-style-text-subtitle is-style-text-subtitle--3\">Wir glauben, dass gro\u00dfartige Ideen einen Raum zum Bl\u00fchen brauchen. <strong>DESD-Hosting<\/strong> bietet kreativen Machern und Vision\u00e4ren eine verl\u00e4ssliche, EU-basierte Plattform, um ihre Projekte ohne finanzielle H\u00fcrden online zu bringen.<\/p>\n\n\n\n<p>Unser Ziel ist es, Technik simpel zu machen, damit du dich auf das konzentrieren kannst, was wirklich z\u00e4hlt: <strong>Deine Geschichte.<\/strong><\/p>\n\n\n\n<hr class=\"wp-block-separator has-alpha-channel-opacity\"\/>\n\n\n\n<p class=\"is-style-text-subtitle is-style-text-subtitle--4\"><\/p>\n<\/div>\n<\/div>\n<\/div>\n\n\n\n<div class=\"wp-block-group alignfull has-global-padding is-layout-constrained wp-container-core-group-is-layout-ebee8dc1 wp-block-group-is-layout-constrained\" style=\"margin-top:0;margin-bottom:0;padding-top:var(--wp--preset--spacing--50);padding-bottom:var(--wp--preset--spacing--50)\">\n<h2 class=\"wp-block-heading alignwide\">Unsere Services<\/h2>\n\n\n\n<div class=\"wp-block-columns alignwide is-layout-flex wp-container-core-columns-is-layout-28f84493 wp-block-columns-is-layout-flex\">\n<div class=\"wp-block-column is-layout-flow wp-block-column-is-layout-flow\">\n<figure class=\"wp-block-image size-full\" style=\"margin-bottom:24px\"><img loading=\"lazy\" decoding=\"async\" width=\"626\" height=\"418\" src=\"https:\/\/home-webhosting.davidinos.uk\/wp-content\/uploads\/2026\/04\/website-hosting-mit-smiley-mann-im-anzug_23-2149406762.jpg\" alt=\"\" class=\"wp-image-13\" style=\"aspect-ratio:4\/3;object-fit:cover\" srcset=\"https:\/\/home-webhosting.davidinos.uk\/wp-content\/uploads\/2026\/04\/website-hosting-mit-smiley-mann-im-anzug_23-2149406762.jpg 626w, https:\/\/home-webhosting.davidinos.uk\/wp-content\/uploads\/2026\/04\/website-hosting-mit-smiley-mann-im-anzug_23-2149406762-300x200.jpg 300w\" sizes=\"auto, (max-width: 626px) 100vw, 626px\" \/><\/figure>\n\n\n\n<h3 class=\"wp-block-heading\"><strong>Website Hosting<\/strong><\/h3>\n\n\n\n<p class=\"has-medium-font-size\">Wir bieten dir eine verl\u00e4ssliche Plattform, damit dein Projekt online erreichbar ist \u2013 sicher, schnell und komplett kostenfrei.<\/p>\n<\/div>\n\n\n\n<div class=\"wp-block-column is-layout-flow wp-block-column-is-layout-flow\">\n<figure class=\"wp-block-image size-full\" style=\"margin-bottom:24px\"><img loading=\"lazy\" decoding=\"async\" width=\"626\" height=\"626\" src=\"https:\/\/home-webhosting.davidinos.uk\/wp-content\/uploads\/2026\/04\/24-stunden-und-7-tage-taeglich-helpdesk-service-hintergrund_1017-54447.jpg\" alt=\"\" class=\"wp-image-15\" style=\"aspect-ratio:4\/3;object-fit:cover\" srcset=\"https:\/\/home-webhosting.davidinos.uk\/wp-content\/uploads\/2026\/04\/24-stunden-und-7-tage-taeglich-helpdesk-service-hintergrund_1017-54447.jpg 626w, https:\/\/home-webhosting.davidinos.uk\/wp-content\/uploads\/2026\/04\/24-stunden-und-7-tage-taeglich-helpdesk-service-hintergrund_1017-54447-300x300.jpg 300w, https:\/\/home-webhosting.davidinos.uk\/wp-content\/uploads\/2026\/04\/24-stunden-und-7-tage-taeglich-helpdesk-service-hintergrund_1017-54447-150x150.jpg 150w\" sizes=\"auto, (max-width: 626px) 100vw, 626px\" \/><\/figure>\n\n\n\n<h3 class=\"wp-block-heading\"><strong>24\/7 Support<\/strong><\/h3>\n\n\n\n<p class=\"has-medium-font-size\">Unser Expertenteam steht dir rund um die Uhr zur Seite, um deine Fragen zu beantworten und Probleme zu l\u00f6sen.<\/p>\n<\/div>\n\n\n\n<div class=\"wp-block-column is-layout-flow wp-block-column-is-layout-flow\">\n<figure class=\"wp-block-image size-full\" style=\"margin-bottom:24px\"><img loading=\"lazy\" decoding=\"async\" width=\"520\" height=\"260\" src=\"https:\/\/home-webhosting.davidinos.uk\/wp-content\/uploads\/2026\/04\/pngtree-person-in-server-room-surrounded-by-rows-of-servers-image_16673910.jpg\" alt=\"\" class=\"wp-image-17\" style=\"aspect-ratio:4\/3;object-fit:cover\" srcset=\"https:\/\/home-webhosting.davidinos.uk\/wp-content\/uploads\/2026\/04\/pngtree-person-in-server-room-surrounded-by-rows-of-servers-image_16673910.jpg 520w, https:\/\/home-webhosting.davidinos.uk\/wp-content\/uploads\/2026\/04\/pngtree-person-in-server-room-surrounded-by-rows-of-servers-image_16673910-300x150.jpg 300w\" sizes=\"auto, (max-width: 520px) 100vw, 520px\" \/><\/figure>\n\n\n\n<h3 class=\"wp-block-heading\"><strong>Vieles mehr<\/strong><\/h3>\n\n\n\n<p class=\"has-medium-font-size\">Entdecke unz\u00e4hlige Features: Von Ein-Klick-Installationen bis hin zu SSL-Zertifikaten und skalierbaren Optionen f\u00fcr dein Wachstum.<\/p>\n<\/div>\n<\/div>\n<\/div>\n\n\n\n<div class=\"wp-block-group alignfull has-global-padding is-layout-constrained wp-block-group-is-layout-constrained\" style=\"margin-top:0;margin-bottom:0;padding-top:var(--wp--preset--spacing--60);padding-bottom:var(--wp--preset--spacing--60)\">\n<div class=\"wp-block-columns alignwide is-layout-flex wp-container-core-columns-is-layout-74b2cda3 wp-block-columns-is-layout-flex\">\n<div class=\"wp-block-column is-layout-flow wp-block-column-is-layout-flow\"><\/div>\n\n\n\n<div class=\"wp-block-column is-layout-flow wp-block-column-is-layout-flow\" style=\"padding-top:0;padding-right:0;padding-bottom:0;padding-left:0\"><\/div>\n<\/div>\n<\/div>\n\n\n\n<aside class=\"wp-block-group alignfull is-style-section-3 has-global-padding is-layout-constrained wp-container-core-group-is-layout-f0f2a97b wp-block-group-is-layout-constrained is-style-section-3--5\" style=\"margin-top:0;margin-bottom:0;padding-top:var(--wp--preset--spacing--50);padding-right:var(--wp--preset--spacing--50);padding-bottom:var(--wp--preset--spacing--50);padding-left:var(--wp--preset--spacing--50)\">\n<div class=\"wp-block-group alignfull has-global-padding is-layout-constrained wp-block-group-is-layout-constrained\" style=\"margin-top:0;margin-bottom:0;padding-top:var(--wp--preset--spacing--60);padding-bottom:var(--wp--preset--spacing--60)\">\n<h2 class=\"wp-block-heading alignwide has-text-align-center\">Preise<\/h2>\n\n\n\n<p class=\"has-text-align-center\">Jederzeit k\u00fcndbar<\/p>\n\n\n\n<div style=\"height:var(--wp--preset--spacing--40)\" aria-hidden=\"true\" class=\"wp-block-spacer\"><\/div>\n\n\n\n<div class=\"wp-block-columns alignwide is-layout-flex wp-container-core-columns-is-layout-1d9f35bd wp-block-columns-is-layout-flex\">\n<div class=\"wp-block-column has-border-color is-layout-flow wp-block-column-is-layout-flow\" style=\"border-color:var(--wp--preset--color--accent-6);border-width:1px;border-radius:10px;padding-top:var(--wp--preset--spacing--50);padding-right:var(--wp--preset--spacing--50);padding-bottom:var(--wp--preset--spacing--50);padding-left:var(--wp--preset--spacing--50)\">\n<h3 class=\"wp-block-heading\" id=\"free\">Kostenlos<\/h3>\n\n\n\n<p class=\"has-large-font-size\">0\u20ac<\/p>\n\n\n\n<ul style=\"padding-bottom:var(--wp--preset--spacing--20);padding-left:var(--wp--preset--spacing--20)\" class=\"wp-block-list is-style-checkmark-list has-small-font-size\">\n<li>Zugriff eine eine eingeschr\u00e4nkte Wunsch-Domain<\/li>\n\n\n\n<li>24\/7 Top Support.<\/li>\n\n\n\n<li>1  MySQL-Datenbank.<\/li>\n\n\n\n<li>Management-Panel.<\/li>\n\n\n\n<li>WordPress einrichtung inklusive .<\/li>\n<\/ul>\n\n\n\n<div class=\"wp-block-buttons is-content-justification-center is-layout-flex wp-container-core-buttons-is-layout-a89b3969 wp-block-buttons-is-layout-flex\">\n<div class=\"wp-block-button has-custom-width wp-block-button__width-100\"><a class=\"wp-block-button__link wp-element-button\" href=\"https:\/\/devtest-webhosting.davidinos.uk\/index.php?route=product\/product&amp;language=de-de&amp;product_id=54&amp;path=59_60\" rel=\"https:\/\/devtest-webhosting.davidinos.uk\/index.php?route=product\/product&amp;language=de-de&amp;product_id=54&amp;path=59_60\">Bestellen<\/a><\/div>\n<\/div>\n<\/div>\n\n\n\n<div class=\"wp-block-column has-border-color is-layout-flow wp-block-column-is-layout-flow\" style=\"border-color:var(--wp--preset--color--accent-6);border-width:1px;border-radius:10px;padding-top:var(--wp--preset--spacing--50);padding-right:var(--wp--preset--spacing--50);padding-bottom:var(--wp--preset--spacing--50);padding-left:var(--wp--preset--spacing--50)\">\n<h3 class=\"wp-block-heading\" id=\"single\">Plus<\/h3>\n\n\n\n<p class=\"has-large-font-size\">2\u20ac\/month<\/p>\n\n\n\n<ul style=\"padding-bottom:var(--wp--preset--spacing--20);padding-left:var(--wp--preset--spacing--20)\" class=\"wp-block-list is-style-checkmark-list has-small-font-size\">\n<li>Alles aus aus dem Kostenlosen Abo.<\/li>\n\n\n\n<li>Pers\u00f6nliche Wunsch-Domain<\/li>\n\n\n\n<li>Pers\u00f6nlicher VIP-Support<\/li>\n\n\n\n<li>Any-App Installation<\/li>\n\n\n\n<li>2 MySQL-Datenbanken<\/li>\n<\/ul>\n\n\n\n<div class=\"wp-block-buttons is-content-justification-center is-layout-flex wp-container-core-buttons-is-layout-a89b3969 wp-block-buttons-is-layout-flex\">\n<div class=\"wp-block-button has-custom-width wp-block-button__width-100\"><a class=\"wp-block-button__link wp-element-button\" href=\"https:\/\/devtest-webhosting.davidinos.uk\/index.php?route=product\/product&amp;language=de-de&amp;product_id=51&amp;path=59_60\" rel=\"https:\/\/devtest-webhosting.davidinos.uk\/index.php?route=product\/product&amp;language=de-de&amp;product_id=51&amp;path=59_60\">Bestellen<\/a><\/div>\n<\/div>\n<\/div>\n<\/div>\n<\/div>\n<\/aside>\n\n\n\n<p><\/p>\n","protected":false},"excerpt":{"rendered":"<p>Dein Projekt. Deine Story. Unser Hosting. Verwandle deine Idee in eine beeindruckende Website. Mit unserem kostenlosen Hosting bieten wir dir die Performance und Freiheit, die du f\u00fcr deinen Start brauchst \u2013 ohne Kompromisse und ohne Kosten. \u00dcber uns Wir glauben, dass gro\u00dfartige Ideen einen Raum zum Bl\u00fchen brauchen. DESD-Hosting bietet kreativen Machern und Vision\u00e4ren eine [&hellip;]<\/p>\n","protected":false},"author":1,"featured_media":0,"parent":0,"menu_order":0,"comment_status":"closed","ping_status":"closed","template":"","meta":{"footnotes":""},"class_list":["post-8","page","type-page","status-publish","hentry"],"_links":{"self":[{"href":"https:\/\/home-webhosting.davidinos.uk\/index.php?rest_route=\/wp\/v2\/pages\/8","targetHints":{"allow":["GET"]}}],"collection":[{"href":"https:\/\/home-webhosting.davidinos.uk\/index.php?rest_route=\/wp\/v2\/pages"}],"about":[{"href":"https:\/\/home-webhosting.davidinos.uk\/index.php?rest_route=\/wp\/v2\/types\/page"}],"author":[{"embeddable":true,"href":"https:\/\/home-webhosting.davidinos.uk\/index.php?rest_route=\/wp\/v2\/users\/1"}],"replies":[{"embeddable":true,"href":"https:\/\/home-webhosting.davidinos.uk\/index.php?rest_route=%2Fwp%2Fv2%2Fcomments&post=8"}],"version-history":[{"count":7,"href":"https:\/\/home-webhosting.davidinos.uk\/index.php?rest_route=\/wp\/v2\/pages\/8\/revisions"}],"predecessor-version":[{"id":23,"href":"https:\/\/home-webhosting.davidinos.uk\/index.php?rest_route=\/wp\/v2\/pages\/8\/revisions\/23"}],"wp:attachment":[{"href":"https:\/\/home-webhosting.davidinos.uk\/index.php?rest_route=%2Fwp%2Fv2%2Fmedia&parent=8"}],"curies":[{"name":"wp","href":"https:\/\/api.w.org\/{rel}","templated":true}]}}